{"id":1821,"date":"2016-02-29T16:28:08","date_gmt":"2016-02-29T15:28:08","guid":{"rendered":"http:\/\/www.fotolabsie.de\/?page_id=1821"},"modified":"2022-01-21T17:13:56","modified_gmt":"2022-01-21T16:13:56","slug":"datenschutz","status":"publish","type":"page","link":"http:\/\/www.fotolabsie.de\/?page_id=1821","title":{"rendered":"Datenschutz"},"content":{"rendered":"<p><strong>Datenschutz<\/strong><\/p>\n<p style=\"text-align: justify;\">Soweit auf unseren Seiten personenbezogene Daten (beispielsweise Name, Anschrift oder eMail-Adressen) erhoben werden, erfolgt dies soweit m\u00f6glich stets auf freiwilliger Basis. Die Nutzung der Angebote und Dienste ist, soweit m\u00f6glich, stets ohne Angabe personenbezogener Daten m\u00f6glich.<br \/>\nDer Nutzung von im Rahmen der Impressumspflicht ver\u00f6ffentlichten Kontaktdaten durch Dritte zur \u00dcbersendung von nicht ausdr\u00fccklich angeforderter Werbung und Informationsmaterialien wird hiermit ausdr\u00fccklich widersprochen. Die Betreiber der Seiten behalten sich ausdr\u00fccklich rechtliche Schritte im Falle der unverlangten Zusendung von Werbeinformationen, etwa durch Spam-Mails, vor.<\/p>\n<p><strong>Datenschutzbestimmung &#8211; DSGVO und BDSG<br \/>\n<\/strong><br \/>\nAktuelle Datenschutzbestimmung und Informationen zur Datenverarbeitung gem. DSGVO 2018<\/p>\n<p>Download: <a href=\"http:\/\/www.events-bassen.de\/wp-content\/uploads\/DSGVO-Events-Bassen.pdf\" target=\"_blank\" rel=\"noopener noreferrer\">DSGVO Fotolabsie.de<\/a><\/p>\n","protected":false},"excerpt":{"rendered":"<p>Datenschutz Soweit auf unseren Seiten personenbezogene Daten (beispielsweise Name, Anschrift oder eMail-Adressen) erhoben werden, erfolgt dies soweit m\u00f6glich stets auf freiwilliger Basis. Die Nutzung der Angebote und Dienste ist, soweit m\u00f6glich, stets ohne Angabe personenbezogener Daten m\u00f6glich. Der Nutzung von im Rahmen der Impressumspflicht ver\u00f6ffentlichten Kontaktdaten durch Dritte zur \u00dcbersendung von nicht ausdr\u00fccklich angeforderter Werbung&#8230; <\/p>\n<div class=\"read-more navbutton\"><a href=\"http:\/\/www.fotolabsie.de\/?page_id=1821\">Read More<i class=\"fa fa-angle-double-right\"><\/i><\/a><\/div>\n","protected":false},"author":1,"featured_media":0,"parent":0,"menu_order":6,"comment_status":"closed","ping_status":"closed","template":"","meta":[],"_links":{"self":[{"href":"http:\/\/www.fotolabsie.de\/index.php?rest_route=\/wp\/v2\/pages\/1821"}],"collection":[{"href":"http:\/\/www.fotolabsie.de\/index.php?rest_route=\/wp\/v2\/pages"}],"about":[{"href":"http:\/\/www.fotolabsie.de\/index.php?rest_route=\/wp\/v2\/types\/page"}],"author":[{"embeddable":true,"href":"http:\/\/www.fotolabsie.de\/index.php?rest_route=\/wp\/v2\/users\/1"}],"replies":[{"embeddable":true,"href":"http:\/\/www.fotolabsie.de\/index.php?rest_route=%2Fwp%2Fv2%2Fcomments&post=1821"}],"version-history":[{"count":7,"href":"http:\/\/www.fotolabsie.de\/index.php?rest_route=\/wp\/v2\/pages\/1821\/revisions"}],"predecessor-version":[{"id":2272,"href":"http:\/\/www.fotolabsie.de\/index.php?rest_route=\/wp\/v2\/pages\/1821\/revisions\/2272"}],"wp:attachment":[{"href":"http:\/\/www.fotolabsie.de\/index.php?rest_route=%2Fwp%2Fv2%2Fmedia&parent=1821"}],"curies":[{"name":"wp","href":"https:\/\/api.w.org\/{rel}","templated":true}]}}